{"id":23977,"date":"2025-07-22T10:08:57","date_gmt":"2025-07-22T10:08:57","guid":{"rendered":"https:\/\/eurohotelparisorly.com\/?page_id=23977"},"modified":"2026-04-18T11:26:27","modified_gmt":"2026-04-18T11:26:27","slug":"gastronomie","status":"publish","type":"page","link":"https:\/\/eurohotelparisorly.com\/en\/gastronomie\/","title":{"rendered":"Gastronomie de H\u00f4tel | Saveurs Raffin\u00e9es &#038; Cuisine Authentique"},"content":{"rendered":"<div data-elementor-type=\"wp-page\" data-elementor-id=\"23977\" class=\"elementor elementor-23977\" data-elementor-post-type=\"page\">\n\t\t\t\t<div class=\"elementor-element elementor-element-31f2171 e-con-full hero-block hero-v4 bg-img-hero-bottom text-center z-index-2 e-flex e-con e-parent\" data-id=\"31f2171\" data-element_type=\"container\" data-settings=\"{&quot;background_background&quot;:&quot;classic&quot;}\">\n\t\t<div class=\"elementor-element elementor-element-09c99ef e-con-full e-flex e-con e-child\" data-id=\"09c99ef\" data-element_type=\"container\">\n\t\t\t\t<div class=\"elementor-element elementor-element-7420569 mb-0 px-3 mt-xl-4 pt-11 elementor-widget elementor-widget-highlighted-heading\" data-id=\"7420569\" data-element_type=\"widget\" data-widget_type=\"highlighted-heading.default\">\n\t\t\t\t<div class=\"elementor-widget-container\">\n\t\t\t\t\t<h1 class=\"mytravel-elementor-highlighted-heading__title font-size-50 font-size-xs-30 text-white font-weight-bold\">Each dish, an extra memory<\/h1>\t\t\t\t<\/div>\n\t\t\t\t<\/div>\n\t\t<div class=\"elementor-element elementor-element-58aaf35 e-con-full e-grid e-con e-child\" data-id=\"58aaf35\" data-element_type=\"container\">\n\t\t\t\t<div class=\"elementor-element elementor-element-36642ea px-xl-2 px-uw-7 elementor-position-left elementor-vertical-align-middle elementor-view-default elementor-mobile-position-top elementor-widget elementor-widget-icon-box\" data-id=\"36642ea\" data-element_type=\"widget\" data-widget_type=\"icon-box.default\">\n\t\t\t\t<div class=\"elementor-widget-container\">\n\t\t\t\t\t\t\t<div class=\"elementor-icon-box-wrapper\">\n\n\t\t\t\t\t\t<div class=\"elementor-icon-box-icon\">\n\t\t\t\t<span  class=\"elementor-icon\">\n\t\t\t\t<i aria-hidden=\"true\" class=\"flaticon flaticon-price\"><\/i>\t\t\t\t<\/span>\n\t\t\t<\/div>\n\t\t\t\n\t\t\t\t\t\t<div class=\"elementor-icon-box-content\">\n\n\t\t\t\t\t\t\t\t\t<h5 class=\"elementor-icon-box-title\">\n\t\t\t\t\t\t<span  >\n\t\t\t\t\t\t\tCompetitive rates\t\t\t\t\t\t<\/span>\n\t\t\t\t\t<\/h5>\n\t\t\t\t\n\t\t\t\t\t\t\t\t\t<p class=\"elementor-icon-box-description\">\n\t\t\t\t\t\tReservations on the official website\n\n\t\t\t\t\t<\/p>\n\t\t\t\t\n\t\t\t<\/div>\n\t\t\t\n\t\t<\/div>\n\t\t\t\t\t\t<\/div>\n\t\t\t\t<\/div>\n\t\t\t\t<div class=\"elementor-element elementor-element-1438d5b px-xl-2 px-uw-7 elementor-position-left elementor-view-default elementor-mobile-position-top elementor-vertical-align-top elementor-widget elementor-widget-icon-box\" data-id=\"1438d5b\" data-element_type=\"widget\" data-widget_type=\"icon-box.default\">\n\t\t\t\t<div class=\"elementor-widget-container\">\n\t\t\t\t\t\t\t<div class=\"elementor-icon-box-wrapper\">\n\n\t\t\t\t\t\t<div class=\"elementor-icon-box-icon\">\n\t\t\t\t<span  class=\"elementor-icon\">\n\t\t\t\t<i aria-hidden=\"true\" class=\"flaticon flaticon-medal\"><\/i>\t\t\t\t<\/span>\n\t\t\t<\/div>\n\t\t\t\n\t\t\t\t\t\t<div class=\"elementor-icon-box-content\">\n\n\t\t\t\t\t\t\t\t\t<h5 class=\"elementor-icon-box-title\">\n\t\t\t\t\t\t<span  >\n\t\t\t\t\t\t\tRemises exclusives\t\t\t\t\t\t<\/span>\n\t\t\t\t\t<\/h5>\n\t\t\t\t\n\t\t\t\t\t\t\t\t\t<p class=\"elementor-icon-box-description\">\n\t\t\t\t\t\tOnly on the official website\n\n\t\t\t\t\t<\/p>\n\t\t\t\t\n\t\t\t<\/div>\n\t\t\t\n\t\t<\/div>\n\t\t\t\t\t\t<\/div>\n\t\t\t\t<\/div>\n\t\t\t\t<div class=\"elementor-element elementor-element-028dedf px-xl-2 px-uw-7 elementor-position-left elementor-view-default elementor-mobile-position-top elementor-vertical-align-top elementor-widget elementor-widget-icon-box\" data-id=\"028dedf\" data-element_type=\"widget\" data-widget_type=\"icon-box.default\">\n\t\t\t\t<div class=\"elementor-widget-container\">\n\t\t\t\t\t\t\t<div class=\"elementor-icon-box-wrapper\">\n\n\t\t\t\t\t\t<div class=\"elementor-icon-box-icon\">\n\t\t\t\t<span  class=\"elementor-icon\">\n\t\t\t\t<i aria-hidden=\"true\" class=\"flaticon flaticon-world\"><\/i>\t\t\t\t<\/span>\n\t\t\t<\/div>\n\t\t\t\n\t\t\t\t\t\t<div class=\"elementor-icon-box-content\">\n\n\t\t\t\t\t\t\t\t\t<h5 class=\"elementor-icon-box-title\">\n\t\t\t\t\t\t<span  >\n\t\t\t\t\t\t\tIdeal destination\t\t\t\t\t\t<\/span>\n\t\t\t\t\t<\/h5>\n\t\t\t\t\n\t\t\t\t\t\t\t\t\t<p class=\"elementor-icon-box-description\">\n\t\t\t\t\t\tAdjust to your mood\n\n\t\t\t\t\t<\/p>\n\t\t\t\t\n\t\t\t<\/div>\n\t\t\t\n\t\t<\/div>\n\t\t\t\t\t\t<\/div>\n\t\t\t\t<\/div>\n\t\t\t\t<div class=\"elementor-element elementor-element-b9cbca0 px-xl-2 px-uw-7 elementor-position-left elementor-view-default elementor-mobile-position-top elementor-vertical-align-top elementor-widget elementor-widget-icon-box\" data-id=\"b9cbca0\" data-element_type=\"widget\" data-widget_type=\"icon-box.default\">\n\t\t\t\t<div class=\"elementor-widget-container\">\n\t\t\t\t\t\t\t<div class=\"elementor-icon-box-wrapper\">\n\n\t\t\t\t\t\t<div class=\"elementor-icon-box-icon\">\n\t\t\t\t<span  class=\"elementor-icon\">\n\t\t\t\t<i aria-hidden=\"true\" class=\"flaticon flaticon-social\"><\/i>\t\t\t\t<\/span>\n\t\t\t<\/div>\n\t\t\t\n\t\t\t\t\t\t<div class=\"elementor-icon-box-content\">\n\n\t\t\t\t\t\t\t\t\t<h5 class=\"elementor-icon-box-title\">\n\t\t\t\t\t\t<span  >\n\t\t\t\t\t\t\tPersonalized attention\t\t\t\t\t\t<\/span>\n\t\t\t\t\t<\/h5>\n\t\t\t\t\n\t\t\t\t\t\t\t\t\t<p class=\"elementor-icon-box-description\">\n\t\t\t\t\t\t24h reception\n\n\t\t\t\t\t<\/p>\n\t\t\t\t\n\t\t\t<\/div>\n\t\t\t\n\t\t<\/div>\n\t\t\t\t\t\t<\/div>\n\t\t\t\t<\/div>\n\t\t\t\t<\/div>\n\t\t\t\t<\/div>\n\t\t\t\t<\/div>\n\t\t<div class=\"elementor-element elementor-element-374043c e-flex e-con-boxed e-con e-parent\" data-id=\"374043c\" data-element_type=\"container\">\n\t\t\t\t\t<div class=\"e-con-inner\">\n\t\t\t\t<div class=\"elementor-element elementor-element-9be637f elementor-widget elementor-widget-heading\" data-id=\"9be637f\" data-element_type=\"widget\" data-widget_type=\"heading.default\">\n\t\t\t\t<div class=\"elementor-widget-container\">\n\t\t\t\t\t<h5 class=\"elementor-heading-title elementor-size-default\">MEDITERRANEAN CUISINE\n<\/h5>\t\t\t\t<\/div>\n\t\t\t\t<\/div>\n\t\t\t\t<div class=\"elementor-element elementor-element-e96b3be elementor-widget elementor-widget-heading\" data-id=\"e96b3be\" data-element_type=\"widget\" data-widget_type=\"heading.default\">\n\t\t\t\t<div class=\"elementor-widget-container\">\n\t\t\t\t\t<h2 class=\"elementor-heading-title elementor-size-default\">Gastronomy at Eurohotel Paris Orly\n<\/h2>\t\t\t\t<\/div>\n\t\t\t\t<\/div>\n\t\t\t\t\t<\/div>\n\t\t\t\t<\/div>\n\t\t<div class=\"elementor-element elementor-element-1b38c42 e-flex e-con-boxed e-con e-parent\" data-id=\"1b38c42\" data-element_type=\"container\">\n\t\t\t\t\t<div class=\"e-con-inner\">\n\t\t<div class=\"elementor-element elementor-element-d1e7540 e-con-full e-flex e-con e-child\" data-id=\"d1e7540\" data-element_type=\"container\">\n\t\t\t\t<div class=\"elementor-element elementor-element-a669183 elementor-widget elementor-widget-text-editor\" data-id=\"a669183\" data-element_type=\"widget\" data-widget_type=\"text-editor.default\">\n\t\t\t\t<div class=\"elementor-widget-container\">\n\t\t\t\t\t\t\t\t\t<p>In<strong>Eurohotel Paris Orly<\/strong>Every detail counts in making your stay unforgettable - and our cuisine is the proof. We offer you a culinary experience that combines <strong>confort<\/strong>, <strong>quality<\/strong> and <strong>attention<\/strong> at every moment of the day.<\/p>\t\t\t\t\t\t\t\t<\/div>\n\t\t\t\t<\/div>\n\t\t\t\t<\/div>\n\t\t<div class=\"elementor-element elementor-element-4f458b1 e-con-full e-flex e-con e-child\" data-id=\"4f458b1\" data-element_type=\"container\" data-settings=\"{&quot;background_background&quot;:&quot;classic&quot;}\">\n\t\t\t\t<div class=\"elementor-element elementor-element-f00c235 elementor-widget elementor-widget-heading\" data-id=\"f00c235\" data-element_type=\"widget\" data-widget_type=\"heading.default\">\n\t\t\t\t<div class=\"elementor-widget-container\">\n\t\t\t\t\t<h6 class=\"elementor-heading-title elementor-size-default\">SCHEDULES<\/h6>\t\t\t\t<\/div>\n\t\t\t\t<\/div>\n\t\t\t\t<div class=\"elementor-element elementor-element-aad03aa elementor-widget elementor-widget-text-editor\" data-id=\"aad03aa\" data-element_type=\"widget\" data-widget_type=\"text-editor.default\">\n\t\t\t\t<div class=\"elementor-widget-container\">\n\t\t\t\t\t\t\t\t\t<p><strong>Breakfast :<\/strong>\u00a0Every day from 5:00 am to 10:00 am.<\/p><p><span style=\"text-decoration: underline;\"><span style=\"font-size: 17px;\"><strong>Monday to Thursday :<br \/><\/strong><\/span><\/span><span style=\"font-size: 16px;\"><strong>Lunch<\/strong><\/span><span style=\"font-size: 1rem;\"><span style=\"font-size: 16px;\"><strong>\u00a0:<\/strong><\/span> From 12:00 pm to 2:00 pm<\/span><\/p><p><strong>Dinner :\u00a0<\/strong>From 7:00 pm to 10:00 pm<br \/><strong><span style=\"text-decoration: underline;\"><span style=\"font-size: 17px;\">Friday :<br \/><\/span><\/span><\/strong><span style=\"font-size: 17px;\">\u00c0\u00a0 <\/span><span style=\"font-size: 17px;\">From 12:00 pm to 2:00 pm<\/span><span style=\"text-decoration: underline;\"><span style=\"font-size: 17px;\"><br \/><\/span><\/span><\/p>\t\t\t\t\t\t\t\t<\/div>\n\t\t\t\t<\/div>\n\t\t\t\t<\/div>\n\t\t\t\t\t<\/div>\n\t\t\t\t<\/div>\n\t\t<div class=\"elementor-element elementor-element-e0ae9c8 e-flex e-con-boxed e-con e-parent\" data-id=\"e0ae9c8\" data-element_type=\"container\">\n\t\t\t\t\t<div class=\"e-con-inner\">\n\t\t<div class=\"elementor-element elementor-element-6da9208 e-con-full e-flex e-con e-child\" data-id=\"6da9208\" data-element_type=\"container\" data-settings=\"{&quot;background_background&quot;:&quot;classic&quot;}\">\n\t\t\t\t<div class=\"elementor-element elementor-element-7494fd0 elementor-widget elementor-widget-heading\" data-id=\"7494fd0\" data-element_type=\"widget\" data-widget_type=\"heading.default\">\n\t\t\t\t<div class=\"elementor-widget-container\">\n\t\t\t\t\t<h6 class=\"elementor-heading-title elementor-size-default\">HEALTHY, FRESH AND ESSENTIAL COOKING<\/h6>\t\t\t\t<\/div>\n\t\t\t\t<\/div>\n\t\t\t\t<div class=\"elementor-element elementor-element-8ceba72 elementor-widget elementor-widget-heading\" data-id=\"8ceba72\" data-element_type=\"widget\" data-widget_type=\"heading.default\">\n\t\t\t\t<div class=\"elementor-widget-container\">\n\t\t\t\t\t<h2 class=\"elementor-heading-title elementor-size-default\">Restaurant Girona\n<\/h2>\t\t\t\t<\/div>\n\t\t\t\t<\/div>\n\t\t\t\t<div class=\"elementor-element elementor-element-430e7d7 elementor-widget elementor-widget-text-editor\" data-id=\"430e7d7\" data-element_type=\"widget\" data-widget_type=\"text-editor.default\">\n\t\t\t\t<div class=\"elementor-widget-container\">\n\t\t\t\t\t\t\t\t\t<p data-start=\"101\" data-end=\"270\"><strong data-start=\"101\" data-end=\"270\">At Eurohotel Paris Orly's Girona restaurant, enjoy a culinary experience inspired by the flavors of the South, reputed to be one of the healthiest and tastiest in the world.<\/strong><\/p><p data-start=\"272\" data-end=\"440\">Our menu offers light, well-balanced dishes made from fresh, top-quality ingredients, carefully prepared and elegantly presented.<\/p><p data-start=\"442\" data-end=\"790\">Because we want to make your experience as pleasant as possible, we pay particular attention to both the quality of our products and our service. In a warm and friendly atmosphere, you can enjoy the best of local cuisine, whether for a leisurely lunch or a relaxed dinner at the end of the day.<\/p>\t\t\t\t\t\t\t\t<\/div>\n\t\t\t\t<\/div>\n\t\t\t\t<\/div>\n\t\t<div class=\"elementor-element elementor-element-b7c3f8d e-con-full e-flex e-con e-child\" data-id=\"b7c3f8d\" data-element_type=\"container\">\n\t\t\t\t<div class=\"elementor-element elementor-element-9e2f739 elementor-widget elementor-widget-image\" data-id=\"9e2f739\" data-element_type=\"widget\" data-widget_type=\"image.default\">\n\t\t\t\t<div class=\"elementor-widget-container\">\n\t\t\t\t\t\t\t\t\t\t\t\t\t\t\t<img fetchpriority=\"high\" decoding=\"async\" width=\"550\" height=\"450\" src=\"https:\/\/eurohotelparisorly.com\/wp-content\/uploads\/2025\/07\/restaurant-s.png\" class=\"img-fluid attachment-full size-full wp-image-23864\" alt=\"restaurant Girona\" srcset=\"https:\/\/eurohotelparisorly.com\/wp-content\/uploads\/2025\/07\/restaurant-s.png 550w, https:\/\/eurohotelparisorly.com\/wp-content\/uploads\/2025\/07\/restaurant-s-300x245.png 300w, https:\/\/eurohotelparisorly.com\/wp-content\/uploads\/2025\/07\/restaurant-s-15x12.png 15w\" sizes=\"(max-width: 550px) 100vw, 550px\" \/>\t\t\t\t\t\t\t\t\t\t\t\t\t\t\t<\/div>\n\t\t\t\t<\/div>\n\t\t\t\t<\/div>\n\t\t\t\t\t<\/div>\n\t\t\t\t<\/div>\n\t\t<div class=\"elementor-element elementor-element-a17c04f e-flex e-con-boxed e-con e-parent\" data-id=\"a17c04f\" data-element_type=\"container\">\n\t\t\t\t\t<div class=\"e-con-inner\">\n\t\t<div class=\"elementor-element elementor-element-59b158c e-con-full e-flex e-con e-child\" data-id=\"59b158c\" data-element_type=\"container\">\n\t\t\t\t<div class=\"elementor-element elementor-element-5a9eba3 elementor-widget elementor-widget-image\" data-id=\"5a9eba3\" data-element_type=\"widget\" data-widget_type=\"image.default\">\n\t\t\t\t<div class=\"elementor-widget-container\">\n\t\t\t\t\t\t\t\t\t\t\t\t\t\t\t<img decoding=\"async\" width=\"550\" height=\"450\" data-src=\"https:\/\/eurohotelparisorly.com\/wp-content\/uploads\/2025\/07\/buffet.png\" class=\"img-fluid attachment-full size-full wp-image-24006 lazyload\" alt=\"Buffet petit-d\u00e9jeuner h\u00f4tel Fresnes Orly\" data-srcset=\"https:\/\/eurohotelparisorly.com\/wp-content\/uploads\/2025\/07\/buffet.png 550w, https:\/\/eurohotelparisorly.com\/wp-content\/uploads\/2025\/07\/buffet-300x245.png 300w, https:\/\/eurohotelparisorly.com\/wp-content\/uploads\/2025\/07\/buffet-15x12.png 15w\" data-sizes=\"(max-width: 550px) 100vw, 550px\" src=\"data:image\/svg+xml;base64,PHN2ZyB3aWR0aD0iMSIgaGVpZ2h0PSIxIiB4bWxucz0iaHR0cDovL3d3dy53My5vcmcvMjAwMC9zdmciPjwvc3ZnPg==\" style=\"--smush-placeholder-width: 550px; --smush-placeholder-aspect-ratio: 550\/450;\" \/>\t\t\t\t\t\t\t\t\t\t\t\t\t\t\t<\/div>\n\t\t\t\t<\/div>\n\t\t\t\t<\/div>\n\t\t<div class=\"elementor-element elementor-element-3f89e46 e-con-full e-flex e-con e-child\" data-id=\"3f89e46\" data-element_type=\"container\" data-settings=\"{&quot;background_background&quot;:&quot;classic&quot;}\">\n\t\t\t\t<div class=\"elementor-element elementor-element-cce08ca elementor-widget elementor-widget-heading\" data-id=\"cce08ca\" data-element_type=\"widget\" data-widget_type=\"heading.default\">\n\t\t\t\t<div class=\"elementor-widget-container\">\n\t\t\t\t\t<h6 class=\"elementor-heading-title elementor-size-default\">A GOOD START EVERY MORNING\n<\/h6>\t\t\t\t<\/div>\n\t\t\t\t<\/div>\n\t\t\t\t<div class=\"elementor-element elementor-element-20532fa elementor-widget elementor-widget-heading\" data-id=\"20532fa\" data-element_type=\"widget\" data-widget_type=\"heading.default\">\n\t\t\t\t<div class=\"elementor-widget-container\">\n\t\t\t\t\t<h2 class=\"elementor-heading-title elementor-size-default\">Buffet breakfast\n<\/h2>\t\t\t\t<\/div>\n\t\t\t\t<\/div>\n\t\t\t\t<div class=\"elementor-element elementor-element-1abe79e elementor-widget elementor-widget-text-editor\" data-id=\"1abe79e\" data-element_type=\"widget\" data-widget_type=\"text-editor.default\">\n\t\t\t\t<div class=\"elementor-widget-container\">\n\t\t\t\t\t\t\t\t\t<p data-start=\"68\" data-end=\"349\"><strong data-start=\"68\" data-end=\"169\">Get your day off to a good start with our full, varied and tasty breakfast buffet.<\/strong><br data-start=\"169\" data-end=\"172\" \/>Enjoy a wide choice of products: crisp pastries, cereals, fresh fruit, cold meats, cheeses, artisan breads, yoghurts, natural juices and hot drinks.<\/p><p data-start=\"351\" data-end=\"482\">Whether you're away on business or on a getaway to discover <strong>Orly<\/strong>It's the perfect way to start the day.<\/p>\t\t\t\t\t\t\t\t<\/div>\n\t\t\t\t<\/div>\n\t\t\t\t<\/div>\n\t\t\t\t\t<\/div>\n\t\t\t\t<\/div>\n\t\t<div class=\"elementor-element elementor-element-09b0100 e-flex e-con-boxed e-con e-parent\" data-id=\"09b0100\" data-element_type=\"container\">\n\t\t\t\t\t<div class=\"e-con-inner\">\n\t\t<div class=\"elementor-element elementor-element-9ba5328 e-con-full e-flex e-con e-child\" data-id=\"9ba5328\" data-element_type=\"container\" data-settings=\"{&quot;background_background&quot;:&quot;classic&quot;}\">\n\t\t\t\t<div class=\"elementor-element elementor-element-458a23a elementor-widget elementor-widget-heading\" data-id=\"458a23a\" data-element_type=\"widget\" data-widget_type=\"heading.default\">\n\t\t\t\t<div class=\"elementor-widget-container\">\n\t\t\t\t\t<h6 class=\"elementor-heading-title elementor-size-default\">A SPACE FOR EVERY MOMENT\n\n\n\n\n\n\n\n\n<\/h6>\t\t\t\t<\/div>\n\t\t\t\t<\/div>\n\t\t\t\t<div class=\"elementor-element elementor-element-ac071ae elementor-widget elementor-widget-heading\" data-id=\"ac071ae\" data-element_type=\"widget\" data-widget_type=\"heading.default\">\n\t\t\t\t<div class=\"elementor-widget-container\">\n\t\t\t\t\t<h2 class=\"elementor-heading-title elementor-size-default\">Bar service\n<\/h2>\t\t\t\t<\/div>\n\t\t\t\t<\/div>\n\t\t\t\t<div class=\"elementor-element elementor-element-2b7e6b8 elementor-widget elementor-widget-text-editor\" data-id=\"2b7e6b8\" data-element_type=\"widget\" data-widget_type=\"text-editor.default\">\n\t\t\t\t<div class=\"elementor-widget-container\">\n\t\t\t\t\t\t\t\t\t<p data-start=\"71\" data-end=\"202\"><strong data-start=\"71\" data-end=\"202\">ur bar is the perfect place to take a break, share a convivial moment or simply relax at the end of the day.<\/strong><\/p><p data-start=\"204\" data-end=\"376\">Open on <strong>24\/7<\/strong> In a quiet, comfortable atmosphere, it's the perfect place to enjoy a drink, coffee or snack in peace and quiet.<\/p>\t\t\t\t\t\t\t\t<\/div>\n\t\t\t\t<\/div>\n\t\t\t\t<\/div>\n\t\t<div class=\"elementor-element elementor-element-e99f683 e-con-full e-flex e-con e-child\" data-id=\"e99f683\" data-element_type=\"container\">\n\t\t\t\t<div class=\"elementor-element elementor-element-ab92d93 elementor-widget elementor-widget-image\" data-id=\"ab92d93\" data-element_type=\"widget\" data-widget_type=\"image.default\">\n\t\t\t\t<div class=\"elementor-widget-container\">\n\t\t\t\t\t\t\t\t\t\t\t\t\t\t\t<img decoding=\"async\" width=\"550\" height=\"450\" data-src=\"https:\/\/eurohotelparisorly.com\/wp-content\/uploads\/2025\/07\/bar.png\" class=\"img-fluid attachment-full size-full wp-image-24000 lazyload\" alt=\"Bar de l&#039;Eurohotel Paris Orly ouvert 24\/7\" data-srcset=\"https:\/\/eurohotelparisorly.com\/wp-content\/uploads\/2025\/07\/bar.png 550w, https:\/\/eurohotelparisorly.com\/wp-content\/uploads\/2025\/07\/bar-300x245.png 300w, https:\/\/eurohotelparisorly.com\/wp-content\/uploads\/2025\/07\/bar-15x12.png 15w\" data-sizes=\"(max-width: 550px) 100vw, 550px\" src=\"data:image\/svg+xml;base64,PHN2ZyB3aWR0aD0iMSIgaGVpZ2h0PSIxIiB4bWxucz0iaHR0cDovL3d3dy53My5vcmcvMjAwMC9zdmciPjwvc3ZnPg==\" style=\"--smush-placeholder-width: 550px; --smush-placeholder-aspect-ratio: 550\/450;\" \/>\t\t\t\t\t\t\t\t\t\t\t\t\t\t\t<\/div>\n\t\t\t\t<\/div>\n\t\t\t\t<\/div>\n\t\t\t\t\t<\/div>\n\t\t\t\t<\/div>\n\t\t\t\t<\/div>","protected":false},"excerpt":{"rendered":"Chaque plat, un souvenir en plus Tarifs comp\u00e9titifs R\u00e9servation sur le site officiel Remises exclusives Uniquement sur le site officiel Destination id\u00e9ale Ajustez \u00e0 votre ambiance Attention personnalis\u00e9e R\u00e9ception 24h GASTRONOMIE M\u00c9DITERRAN\u00c9ENNE Gastronomie \u00e0 l&rsquo;Eurohotel Paris Orly \u00c0 l\u2019Eurohotel Paris Orly, chaque d\u00e9tail compte pour rendre votre s\u00e9jour inoubliable \u2014 et notre cuisine en est&#8230;","protected":false},"author":1,"featured_media":19579,"parent":0,"menu_order":0,"comment_status":"closed","ping_status":"closed","template":"elementor_header_footer","meta":{"_acf_changed":false,"footnotes":""},"class_list":["post-23977","page","type-page","status-publish","has-post-thumbnail","hentry"],"acf":[],"_links":{"self":[{"href":"https:\/\/eurohotelparisorly.com\/en\/wp-json\/wp\/v2\/pages\/23977","targetHints":{"allow":["GET"]}}],"collection":[{"href":"https:\/\/eurohotelparisorly.com\/en\/wp-json\/wp\/v2\/pages"}],"about":[{"href":"https:\/\/eurohotelparisorly.com\/en\/wp-json\/wp\/v2\/types\/page"}],"author":[{"embeddable":true,"href":"https:\/\/eurohotelparisorly.com\/en\/wp-json\/wp\/v2\/users\/1"}],"replies":[{"embeddable":true,"href":"https:\/\/eurohotelparisorly.com\/en\/wp-json\/wp\/v2\/comments?post=23977"}],"version-history":[{"count":85,"href":"https:\/\/eurohotelparisorly.com\/en\/wp-json\/wp\/v2\/pages\/23977\/revisions"}],"predecessor-version":[{"id":24530,"href":"https:\/\/eurohotelparisorly.com\/en\/wp-json\/wp\/v2\/pages\/23977\/revisions\/24530"}],"wp:featuredmedia":[{"embeddable":true,"href":"https:\/\/eurohotelparisorly.com\/en\/wp-json\/wp\/v2\/media\/19579"}],"wp:attachment":[{"href":"https:\/\/eurohotelparisorly.com\/en\/wp-json\/wp\/v2\/media?parent=23977"}],"curies":[{"name":"wp","href":"https:\/\/api.w.org\/{rel}","templated":true}]}}