{"id":14618,"date":"2024-05-28T10:19:10","date_gmt":"2024-05-28T10:19:10","guid":{"rendered":"https:\/\/eurohotelparisorly.com\/?page_id=14618"},"modified":"2026-04-18T12:04:39","modified_gmt":"2026-04-18T12:04:39","slug":"contactez-eurohotel-paris-orly","status":"publish","type":"page","link":"https:\/\/eurohotelparisorly.com\/en\/contactez-eurohotel-paris-orly\/","title":{"rendered":"Contactez Eurohotel Paris Orly | Adresse, t\u00e9l\u00e9phone, acc\u00e8s"},"content":{"rendered":"\t\t<div data-elementor-type=\"wp-page\" data-elementor-id=\"14618\" class=\"elementor elementor-14618\" data-elementor-post-type=\"page\">\n\t\t\t\t\t\t<div class=\"elementor-section elementor-top-section elementor-element elementor-element-c9fc15a elementor-section-full_width hero-block hero-v4 bg-img-hero-bottom text-center z-index-2 elementor-reverse-tablet elementor-reverse-mobile elementor-section-height-default elementor-section-height-default\" data-id=\"c9fc15a\" data-element_type=\"section\" data-settings=\"{&quot;background_background&quot;:&quot;classic&quot;}\">\n\t\t\t\t\t\t<div class=\"elementor-container elementor-column-gap-default container pb-17\">\n\t\t\t\t\t<div class=\"elementor-column elementor-col-100 elementor-top-column elementor-element elementor-element-0df1584\" data-id=\"0df1584\" data-element_type=\"column\">\n\t\t\t<div class=\"elementor-widget-wrap\">\n\t\t\t\t\t\t\t<\/div>\n\t\t<\/div>\n\t\t\t\t\t<\/div>\n\t\t<\/div>\n\t\t<div class=\"elementor-element elementor-element-d7e7a13 e-con-full e-flex e-con e-parent\" data-id=\"d7e7a13\" data-element_type=\"container\">\n\t\t\t\t<div class=\"elementor-element elementor-element-56945b5 w-md-80 w-lg-50 text-center mx-md-auto elementor-widget elementor-widget-highlighted-heading\" data-id=\"56945b5\" data-element_type=\"widget\" data-widget_type=\"highlighted-heading.default\">\n\t\t\t\t<div class=\"elementor-widget-container\">\n\t\t\t\t\t<h2 class=\"mytravel-elementor-highlighted-heading__title section-title text-black font-size-30 font-weight-bold mb-5 pb-xl-1\">Envoyez-nous un message<\/h2>\t\t\t\t<\/div>\n\t\t\t\t<\/div>\n\t\t\t\t<\/div>\n\t\t<div class=\"elementor-element elementor-element-83c845a e-con-full e-flex e-con e-parent\" data-id=\"83c845a\" data-element_type=\"container\">\n\t\t\t\t<div class=\"elementor-element elementor-element-609de0d elementor-button-align-stretch elementor-widget elementor-widget-form\" data-id=\"609de0d\" data-element_type=\"widget\" data-settings=\"{&quot;step_next_label&quot;:&quot;Next&quot;,&quot;step_previous_label&quot;:&quot;Previous&quot;,&quot;button_width&quot;:&quot;100&quot;,&quot;step_type&quot;:&quot;number_text&quot;,&quot;step_icon_shape&quot;:&quot;circle&quot;}\" data-widget_type=\"form.default\">\n\t\t\t\t<div class=\"elementor-widget-container\">\n\t\t\t\t\t\t\t<form class=\"elementor-form\" method=\"post\" id=\"contact\" name=\"contact\">\n\t\t\t<input type=\"hidden\" name=\"post_id\" value=\"14618\"\/>\n\t\t\t<input type=\"hidden\" name=\"form_id\" value=\"609de0d\"\/>\n\t\t\t<input type=\"hidden\" name=\"referer_title\" value=\"Contact Eurohotel Paris Orly | Acc\u00e8s, Plan et T\u00e9l\u00e9phone\" \/>\n\n\t\t\t\t\t\t\t<input type=\"hidden\" name=\"queried_id\" value=\"14618\"\/>\n\t\t\t\n\t\t\t<div class=\"elementor-form-fields-wrapper elementor-labels-above\">\n\t\t\t\t\t\t\t\t<div class=\"elementor-field-type-text elementor-field-group elementor-column elementor-field-group-name elementor-col-100 elementor-field-required\">\n\t\t\t\t\t\t\t\t\t\t\t\t<label for=\"form-field-name\" class=\"elementor-field-label\">\n\t\t\t\t\t\t\t\tNom complet *\t\t\t\t\t\t\t<\/label>\n\t\t\t\t\t\t\t\t\t\t\t\t\t\t<input size=\"1\" type=\"text\" name=\"form_fields[name]\" id=\"form-field-name\" class=\"elementor-field elementor-size-sm  elementor-field-textual\" placeholder=\"Nom complet\" required=\"required\">\n\t\t\t\t\t\t\t\t\t\t\t<\/div>\n\t\t\t\t\t\t\t\t<div class=\"elementor-field-type-email elementor-field-group elementor-column elementor-field-group-email elementor-col-50 elementor-field-required\">\n\t\t\t\t\t\t\t\t\t\t\t\t<label for=\"form-field-email\" class=\"elementor-field-label\">\n\t\t\t\t\t\t\t\tEmail *\t\t\t\t\t\t\t<\/label>\n\t\t\t\t\t\t\t\t\t\t\t\t\t\t<input size=\"1\" type=\"email\" name=\"form_fields[email]\" id=\"form-field-email\" class=\"elementor-field elementor-size-sm  elementor-field-textual\" placeholder=\"Email\" required=\"required\">\n\t\t\t\t\t\t\t\t\t\t\t<\/div>\n\t\t\t\t\t\t\t\t<div class=\"elementor-field-type-tel elementor-field-group elementor-column elementor-field-group-field_04ad98c elementor-col-50 elementor-field-required\">\n\t\t\t\t\t\t\t\t\t\t\t\t<label for=\"form-field-field_04ad98c\" class=\"elementor-field-label\">\n\t\t\t\t\t\t\t\tT\u00e9l\u00e8phone *\t\t\t\t\t\t\t<\/label>\n\t\t\t\t\t\t\t\t<input size=\"1\" type=\"tel\" name=\"form_fields[field_04ad98c]\" id=\"form-field-field_04ad98c\" class=\"elementor-field elementor-size-sm  elementor-field-textual\" placeholder=\"Num\u00e9ro de t\u00e9l\u00e8phone\" required=\"required\" pattern=\"[0-9()#&amp;+*-=.]+\" title=\"Phone number\">\n\n\t\t\t\t\t\t<\/div>\n\t\t\t\t\t\t\t\t<div class=\"elementor-field-type-textarea elementor-field-group elementor-column elementor-field-group-message elementor-col-100\">\n\t\t\t\t\t\t\t\t\t\t\t\t<label for=\"form-field-message\" class=\"elementor-field-label\">\n\t\t\t\t\t\t\t\tMessage\t\t\t\t\t\t\t<\/label>\n\t\t\t\t\t\t<textarea class=\"elementor-field-textual elementor-field  elementor-size-sm\" name=\"form_fields[message]\" id=\"form-field-message\" rows=\"4\" placeholder=\"Message\"><\/textarea>\t\t\t\t<\/div>\n\t\t\t\t\t\t\t\t<div class=\"elementor-field-type-acceptance elementor-field-group elementor-column elementor-field-group-field_da5d4f4 elementor-col-100 elementor-field-required\">\n\t\t\t\t\t\t\t<div class=\"elementor-field-subgroup\">\n\t\t\t<span class=\"elementor-field-option\">\n\t\t\t\t<input type=\"checkbox\" name=\"form_fields[field_da5d4f4]\" id=\"form-field-field_da5d4f4\" class=\"elementor-field elementor-size-sm  elementor-acceptance-field\" required=\"required\">\n\t\t\t\t<label for=\"form-field-field_da5d4f4\">J\u2019ai lu et j\u2019accepte les <a style=\" color: #3B444F; text-decoration: underline;\n\" href=\"https:\/\/eurohotelparisorly.com\/mentions-legales\/\">Mentions L\u00e9gales<\/a><\/label>\t\t\t<\/span>\n\t\t<\/div>\n\t\t\t\t\t\t<\/div>\n\t\t\t\t\t\t\t\t<div class=\"elementor-field-type-recaptcha elementor-field-group elementor-column elementor-field-group-field_7094741 elementor-col-100\">\n\t\t\t\t\t<div class=\"elementor-field\" id=\"form-field-field_7094741\"><div class=\"elementor-g-recaptcha\" data-sitekey=\"6LdtwqIrAAAAAPiZySGEfdvTWgkGCxCmGJpjeCQL\" data-type=\"v2_checkbox\" data-theme=\"light\" data-size=\"normal\"><\/div><\/div>\t\t\t\t<\/div>\n\t\t\t\t\t\t\t\t<div class=\"elementor-field-group elementor-column elementor-field-type-submit elementor-col-100 e-form__buttons\">\n\t\t\t\t\t<button class=\"elementor-button elementor-size-sm\" type=\"submit\">\n\t\t\t\t\t\t<span class=\"elementor-button-content-wrapper\">\n\t\t\t\t\t\t\t\t\t\t\t\t\t\t\t\t\t\t\t\t\t\t<span class=\"elementor-button-text\">Envoyer<\/span>\n\t\t\t\t\t\t\t\t\t\t\t\t\t<\/span>\n\t\t\t\t\t<\/button>\n\t\t\t\t<\/div>\n\t\t\t<\/div>\n\t\t<\/form>\n\t\t\t\t\t\t<\/div>\n\t\t\t\t<\/div>\n\t\t\t\t<\/div>\n\t\t<div class=\"elementor-element elementor-element-a1dc21d e-con-full e-flex e-con e-parent\" data-id=\"a1dc21d\" data-element_type=\"container\">\n\t\t\t\t<div class=\"elementor-element elementor-element-e832a9e elementor-widget elementor-widget-google_maps\" data-id=\"e832a9e\" data-element_type=\"widget\" data-widget_type=\"google_maps.map-mytravel\">\n\t\t\t\t<div class=\"elementor-widget-container\">\n\t\t\t\t\t\t\t<div class=\"elementor-custom-embed\">\n\t\t\t<iframe \n\t\t\t\t\tdata-src=\"https:\/\/maps.google.com\/maps?q=Euro%20H%C3%B4tel%20Airport%20Orly%20Rungis%2063%20Av.%20du%20Parc%20M%C3%A9dicis%2C%2094260%20Fresnes%2C%20France&#038;t=m&#038;z=14&#038;output=embed&#038;iwloc=near\"\n\t\t\t\t\ttitle=\"Euro H\u00f4tel Airport Orly Rungis 63 Av. du Parc M\u00e9dicis, 94260 Fresnes, France\"\n\t\t\t\t\taria-label=\"Euro H\u00f4tel Airport Orly Rungis 63 Av. du Parc M\u00e9dicis, 94260 Fresnes, France\"\n\t\t\t src=\"data:image\/svg+xml;base64,PHN2ZyB3aWR0aD0iMSIgaGVpZ2h0PSIxIiB4bWxucz0iaHR0cDovL3d3dy53My5vcmcvMjAwMC9zdmciPjwvc3ZnPg==\" class=\"lazyload\" data-load-mode=\"1\"><\/iframe>\n\t\t<\/div>\n\t\t\t\t\t\t<\/div>\n\t\t\t\t<\/div>\n\t\t\t\t<\/div>\n\t\t<div class=\"elementor-element elementor-element-c19c3fb mt-3 e-flex e-con-boxed e-con e-parent\" data-id=\"c19c3fb\" data-element_type=\"container\">\n\t\t\t\t\t<div class=\"e-con-inner\">\n\t\t\t\t<div class=\"elementor-element elementor-element-870432d w-md-80 w-lg-50 text-center mx-md-auto elementor-widget elementor-widget-highlighted-heading\" data-id=\"870432d\" data-element_type=\"widget\" data-widget_type=\"highlighted-heading.default\">\n\t\t\t\t<div class=\"elementor-widget-container\">\n\t\t\t\t\t<h2 class=\"mytravel-elementor-highlighted-heading__title section-title text-black font-size-30 font-weight-bold mb-5 pb-xl-1\">Paris France<\/h2>\t\t\t\t<\/div>\n\t\t\t\t<\/div>\n\t\t\t\t\t<\/div>\n\t\t\t\t<\/div>\n\t\t\t\t<section class=\"elementor-section elementor-top-section elementor-element elementor-element-dd6f862 mb-5 border-bottom elementor-section-boxed elementor-section-height-default elementor-section-height-default\" data-id=\"dd6f862\" data-element_type=\"section\">\n\t\t\t\t\t\t<div class=\"elementor-container elementor-column-gap-default\">\n\t\t\t\t\t<div class=\"elementor-column elementor-col-100 elementor-top-column elementor-element elementor-element-a9faf67\" data-id=\"a9faf67\" data-element_type=\"column\">\n\t\t\t<div class=\"elementor-widget-wrap elementor-element-populated\">\n\t\t\t\t\t\t<div class=\"elementor-section elementor-inner-section elementor-element elementor-element-7771720 elementor-section-full_width mb-5 elementor-section-height-default elementor-section-height-default\" data-id=\"7771720\" data-element_type=\"section\">\n\t\t\t\t\t\t<div class=\"elementor-container elementor-column-gap-default row\">\n\t\t\t\t\t<div class=\"elementor-column elementor-col-33 elementor-inner-column elementor-element elementor-element-c9a4862 col-md-6 col-lg-4\" data-id=\"c9a4862\" data-element_type=\"column\">\n\t\t\t<div class=\"mb-5 mb-lg-0 text-center  p-0 elementor-widget-wrap elementor-element-populated\">\n\t\t\t\t\t\t<div class=\"elementor-element elementor-element-da5732c mb-0 elementor-widget elementor-widget-highlighted-heading\" data-id=\"da5732c\" data-element_type=\"widget\" data-widget_type=\"highlighted-heading.default\">\n\t\t\t\t<div class=\"elementor-widget-container\">\n\t\t\t\t\t<h6 class=\"mytravel-elementor-highlighted-heading__title text-gray-3 font-weight-bold font-size-21\">Email<\/h6>\t\t\t\t<\/div>\n\t\t\t\t<\/div>\n\t\t\t\t<div class=\"elementor-element elementor-element-f3a925c mb-0 elementor-widget elementor-widget-highlighted-heading\" data-id=\"f3a925c\" data-element_type=\"widget\" data-widget_type=\"highlighted-heading.default\">\n\t\t\t\t<div class=\"elementor-widget-container\">\n\t\t\t\t\t<p class=\"mytravel-elementor-highlighted-heading__title mb-0 text-gray-1\">orly@eurohotel.fr<\/p>\t\t\t\t<\/div>\n\t\t\t\t<\/div>\n\t\t\t\t\t<\/div>\n\t\t<\/div>\n\t\t\t\t<div class=\"elementor-column elementor-col-33 elementor-inner-column elementor-element elementor-element-73e814b col-md-6 col-lg-4\" data-id=\"73e814b\" data-element_type=\"column\">\n\t\t\t<div class=\"mb-5 mb-lg-0 text-center p-0 elementor-widget-wrap elementor-element-populated\">\n\t\t\t\t\t\t<div class=\"elementor-element elementor-element-bf70ae7 mb-0 elementor-widget elementor-widget-highlighted-heading\" data-id=\"bf70ae7\" data-element_type=\"widget\" data-widget_type=\"highlighted-heading.default\">\n\t\t\t\t<div class=\"elementor-widget-container\">\n\t\t\t\t\t<h6 class=\"mytravel-elementor-highlighted-heading__title text-gray-3 font-weight-bold font-size-21\">Localisation<\/h6>\t\t\t\t<\/div>\n\t\t\t\t<\/div>\n\t\t\t\t<div class=\"elementor-element elementor-element-645a2b5 mb-0 elementor-widget elementor-widget-highlighted-heading\" data-id=\"645a2b5\" data-element_type=\"widget\" data-widget_type=\"highlighted-heading.default\">\n\t\t\t\t<div class=\"elementor-widget-container\">\n\t\t\t\t\t<p class=\"mytravel-elementor-highlighted-heading__title mb-1 text-gray-1\"> 63 Av. du Parc M\u00e9dicis, 94260 Fresnes<\/p>\t\t\t\t<\/div>\n\t\t\t\t<\/div>\n\t\t\t\t<div class=\"elementor-element elementor-element-2801ade mb-0 elementor-widget elementor-widget-highlighted-heading\" data-id=\"2801ade\" data-element_type=\"widget\" data-widget_type=\"highlighted-heading.default\">\n\t\t\t\t<div class=\"elementor-widget-container\">\n\t\t\t\t\t<p class=\"mytravel-elementor-highlighted-heading__title text-gray-1 mb-3 mb-md-5\">France<\/p>\t\t\t\t<\/div>\n\t\t\t\t<\/div>\n\t\t\t\t<div class=\"elementor-element elementor-element-8482839 elementor-widget elementor-widget-highlighted-heading\" data-id=\"8482839\" data-element_type=\"widget\" data-widget_type=\"highlighted-heading.default\">\n\t\t\t\t<div class=\"elementor-widget-container\">\n\t\t\t\t\t<span class=\"mytravel-elementor-highlighted-heading__title\"><a href=\"https:\/\/maps.app.goo.gl\/rEhcbrdd8YfRRxJA9\" class=\"text-reset text-decoration-none d-inline-block\" target=\"_blank\" rel=\"noopener\"><span class=\"mytravel-elementor-highlighted-heading__highlighted-text border-bottom border-primary font-weight-normal font-size-14 text-primary\">Voir sur la carte<\/span><\/a><\/span>\t\t\t\t<\/div>\n\t\t\t\t<\/div>\n\t\t\t\t\t<\/div>\n\t\t<\/div>\n\t\t\t\t<div class=\"elementor-column elementor-col-33 elementor-inner-column elementor-element elementor-element-53190bf col-md-6 col-lg-4\" data-id=\"53190bf\" data-element_type=\"column\">\n\t\t\t<div class=\"mb-5 mb-lg-0 text-center p-0 elementor-widget-wrap elementor-element-populated\">\n\t\t\t\t\t\t<div class=\"elementor-element elementor-element-3169ffc mb-0 elementor-widget elementor-widget-highlighted-heading\" data-id=\"3169ffc\" data-element_type=\"widget\" data-widget_type=\"highlighted-heading.default\">\n\t\t\t\t<div class=\"elementor-widget-container\">\n\t\t\t\t\t<h6 class=\"mytravel-elementor-highlighted-heading__title text-gray-3 font-weight-bold font-size-21\">t\u00e9l\u00e9phone<\/h6>\t\t\t\t<\/div>\n\t\t\t\t<\/div>\n\t\t\t\t<div class=\"elementor-element elementor-element-09d214d mb-0 elementor-widget elementor-widget-highlighted-heading\" data-id=\"09d214d\" data-element_type=\"widget\" data-widget_type=\"highlighted-heading.default\">\n\t\t\t\t<div class=\"elementor-widget-container\">\n\t\t\t\t\t<p class=\"mytravel-elementor-highlighted-heading__title mb-1 text-gray-1\">+33 149849140<\/p>\t\t\t\t<\/div>\n\t\t\t\t<\/div>\n\t\t\t\t\t<\/div>\n\t\t<\/div>\n\t\t\t\t\t<\/div>\n\t\t<\/div>\n\t\t\t\t\t<\/div>\n\t\t<\/div>\n\t\t\t\t\t<\/div>\n\t\t<\/section>\n\t\t\t\t<\/div>\n\t\t","protected":false},"excerpt":{"rendered":"Envoyez-nous un message Paris France Email orly@eurohotel.fr Localisation 63 Av. du Parc M\u00e9dicis, 94260 Fresnes France Voir sur la carte t\u00e9l\u00e9phone +33 149849140","protected":false},"author":1,"featured_media":19445,"parent":0,"menu_order":0,"comment_status":"closed","ping_status":"closed","template":"elementor_header_footer","meta":{"_acf_changed":false,"footnotes":""},"class_list":["post-14618","page","type-page","status-publish","has-post-thumbnail","hentry"],"acf":[],"_links":{"self":[{"href":"https:\/\/eurohotelparisorly.com\/en\/wp-json\/wp\/v2\/pages\/14618","targetHints":{"allow":["GET"]}}],"collection":[{"href":"https:\/\/eurohotelparisorly.com\/en\/wp-json\/wp\/v2\/pages"}],"about":[{"href":"https:\/\/eurohotelparisorly.com\/en\/wp-json\/wp\/v2\/types\/page"}],"author":[{"embeddable":true,"href":"https:\/\/eurohotelparisorly.com\/en\/wp-json\/wp\/v2\/users\/1"}],"replies":[{"embeddable":true,"href":"https:\/\/eurohotelparisorly.com\/en\/wp-json\/wp\/v2\/comments?post=14618"}],"version-history":[{"count":132,"href":"https:\/\/eurohotelparisorly.com\/en\/wp-json\/wp\/v2\/pages\/14618\/revisions"}],"predecessor-version":[{"id":24552,"href":"https:\/\/eurohotelparisorly.com\/en\/wp-json\/wp\/v2\/pages\/14618\/revisions\/24552"}],"wp:featuredmedia":[{"embeddable":true,"href":"https:\/\/eurohotelparisorly.com\/en\/wp-json\/wp\/v2\/media\/19445"}],"wp:attachment":[{"href":"https:\/\/eurohotelparisorly.com\/en\/wp-json\/wp\/v2\/media?parent=14618"}],"curies":[{"name":"wp","href":"https:\/\/api.w.org\/{rel}","templated":true}]}}